{"id":4517,"date":"2024-11-20T14:35:55","date_gmt":"2024-11-20T19:35:55","guid":{"rendered":"https:\/\/consutic.com\/?post_type=product&#038;p=4517"},"modified":"2024-11-25T23:35:45","modified_gmt":"2024-11-26T04:35:45","slug":"sistema-pbx-ip-yeastar-p550-2","status":"publish","type":"product","link":"https:\/\/consutic.com\/?product=sistema-pbx-ip-yeastar-p550-2","title":{"rendered":"SISTEMA PBX IP YEASTAR &#8211; P550"},"content":{"rendered":"<table class=\" aligncenter\" style=\"height: 222px; width: 100%; border-collapse: collapse;\">\n<tbody>\n<tr>\n<th style=\"background-color: var( --e-global-color-primary ); color: var(--wp--preset--color--white); height: 53px;\" colspan=\"2\">Ficha T\u00e9cnica<\/th>\n<\/tr>\n<tr>\n<td>FUNCIONES DISPONIBLES<\/td>\n<td style=\"padding: 0;\">\n<table style=\"width: 100%; border: none; padding: 0; margin: 0;\" border=\"0\">\n<tbody>\n<tr>\n<td>Permite acceder a llamadas , conferencias, correos de voz, presencia, contactos, colaboradores desde una misma interfaz utilizando navegadores web, tel\u00e9fonos m\u00f3viles y ordenadores sobremesa.<\/td>\n<\/tr>\n<tr>\n<td>Centro de Llamadas entrante para mejorar la eficiencia del agente. Gestiona centro de servicio, call distribution, queue panel, wallboard, SLAy call reporting para apoyar la supervision.<\/td>\n<\/tr>\n<tr>\n<td>Comunicaciones remotas cara a cara instant\u00e1neas simples y seguras, video llamadas y video conferencia. Adem\u00e1s, de conferencias virtuales con pantalla compartida integrada, chat en equipo y m\u00e1s.<\/td>\n<\/tr>\n<tr>\n<td>BYOD, permitiendo movilidad y la nueva forma de teletrabajo, reduciendo los desaf\u00edos de seguridad y administraci\u00f3n de la red.<\/td>\n<\/tr>\n<\/tbody>\n<\/table>\n<\/td>\n<\/tr>\n<tr>\n<td>CAPACIDAD DE USUARIOS<\/td>\n<td>50<\/td>\n<\/tr>\n<tr>\n<td>LLAMADAS CONCURRENTES M\u00c1XIMAS<\/td>\n<td>25<\/td>\n<\/tr>\n<tr>\n<td>AGENTES CALL CENTER<\/td>\n<td>50<\/td>\n<\/tr>\n<tr>\n<td>INTEFACE ETHERNET<\/td>\n<td>2 x10\/100\/1000 Mbps<\/td>\n<\/tr>\n<tr>\n<td>MONTAJE<\/td>\n<td>1 RU Rack Mount<\/td>\n<\/tr>\n<\/tbody>\n<\/table>\n","protected":false},"excerpt":{"rendered":"<p>Permite acceder a llamadas , conferencias, correos de voz, presencia, contactos, colaboradores desde una misma interfaz utilizando navegadores web, tel\u00e9fonos m\u00f3viles y ordenadores sobremesa.<\/p>\n","protected":false},"featured_media":4505,"template":"","meta":{"site-sidebar-layout":"default","site-content-layout":"","ast-site-content-layout":"default","site-content-style":"default","site-sidebar-style":"default","ast-global-header-display":"","ast-banner-title-visibility":"","ast-main-header-display":"","ast-hfb-above-header-display":"","ast-hfb-below-header-display":"","ast-hfb-mobile-header-display":"","site-post-title":"","ast-breadcrumbs-content":"","ast-featured-img":"","footer-sml-layout":"","theme-transparent-header-meta":"default","adv-header-id-meta":"","stick-header-meta":"","header-above-stick-meta":"","header-main-stick-meta":"","header-below-stick-meta":"","astra-migrate-meta-layouts":"set","ast-page-background-enabled":"default","ast-page-background-meta":{"desktop":{"background-color":"var(--ast-global-color-4)","background-image":"","background-repeat":"repeat","background-position":"center center","background-size":"auto","background-attachment":"scroll","background-type":"","background-media":"","overlay-type":"","overlay-color":"","overlay-opacity":"","overlay-gradient":""},"tablet":{"background-color":"","background-image":"","background-repeat":"repeat","background-position":"center center","background-size":"auto","background-attachment":"scroll","background-type":"","background-media":"","overlay-type":"","overlay-color":"","overlay-opacity":"","overlay-gradient":""},"mobile":{"background-color":"","background-image":"","background-repeat":"repeat","background-position":"center center","background-size":"auto","background-attachment":"scroll","background-type":"","background-media":"","overlay-type":"","overlay-color":"","overlay-opacity":"","overlay-gradient":""}},"ast-content-background-meta":{"desktop":{"background-color":"var(--ast-global-color-5)","background-image":"","background-repeat":"repeat","background-position":"center center","background-size":"auto","background-attachment":"scroll","background-type":"","background-media":"","overlay-type":"","overlay-color":"","overlay-opacity":"","overlay-gradient":""},"tablet":{"background-color":"var(--ast-global-color-5)","background-image":"","background-repeat":"repeat","background-position":"center center","background-size":"auto","background-attachment":"scroll","background-type":"","background-media":"","overlay-type":"","overlay-color":"","overlay-opacity":"","overlay-gradient":""},"mobile":{"background-color":"var(--ast-global-color-5)","background-image":"","background-repeat":"repeat","background-position":"center center","background-size":"auto","background-attachment":"scroll","background-type":"","background-media":"","overlay-type":"","overlay-color":"","overlay-opacity":"","overlay-gradient":""}}},"pwb-brand":[60],"product_brand":[],"product_cat":[55,79],"product_tag":[],"class_list":{"0":"post-4517","1":"product","2":"type-product","3":"status-publish","4":"has-post-thumbnail","6":"pwb-brand-yeastar","7":"product_cat-comunicaciones-unificadas","8":"product_cat-sistema-pbx-ip-yeastar","9":"desktop-align-left","10":"tablet-align-left","11":"mobile-align-left","13":"first","14":"instock","15":"virtual","16":"taxable","17":"product-type-simple"},"yoast_head":"<!-- This site is optimized with the Yoast SEO plugin v25.6 - https:\/\/yoast.com\/wordpress\/plugins\/seo\/ -->\n<title>SISTEMA PBX IP YEASTAR - P550 - CONSUTIC<\/title>\n<meta name=\"robots\" content=\"index, follow, max-snippet:-1, max-image-preview:large, max-video-preview:-1\" \/>\n<link rel=\"canonical\" href=\"https:\/\/consutic.com\/?product=sistema-pbx-ip-yeastar-p550-2\" \/>\n<meta property=\"og:locale\" content=\"es_ES\" \/>\n<meta property=\"og:type\" content=\"article\" \/>\n<meta property=\"og:title\" content=\"SISTEMA PBX IP YEASTAR - P550 - CONSUTIC\" \/>\n<meta property=\"og:description\" content=\"Permite acceder a llamadas , conferencias, correos de voz, presencia, contactos, colaboradores desde una misma interfaz utilizando navegadores web, tel\u00e9fonos m\u00f3viles y ordenadores sobremesa.\" \/>\n<meta property=\"og:url\" content=\"https:\/\/consutic.com\/?product=sistema-pbx-ip-yeastar-p550-2\" \/>\n<meta property=\"og:site_name\" content=\"CONSUTIC\" \/>\n<meta property=\"article:modified_time\" content=\"2024-11-26T04:35:45+00:00\" \/>\n<meta property=\"og:image\" content=\"https:\/\/consutic.com\/wp-content\/uploads\/2024\/11\/p550-img1-1.png\" \/>\n\t<meta property=\"og:image:width\" content=\"1017\" \/>\n\t<meta property=\"og:image:height\" content=\"455\" \/>\n\t<meta property=\"og:image:type\" content=\"image\/png\" \/>\n<meta name=\"twitter:card\" content=\"summary_large_image\" \/>\n<meta name=\"twitter:label1\" content=\"Est. reading time\" \/>\n\t<meta name=\"twitter:data1\" content=\"1 minuto\" \/>\n<script type=\"application\/ld+json\" class=\"yoast-schema-graph\">{\"@context\":\"https:\/\/schema.org\",\"@graph\":[{\"@type\":\"WebPage\",\"@id\":\"https:\/\/consutic.com\/?product=sistema-pbx-ip-yeastar-p550-2\",\"url\":\"https:\/\/consutic.com\/?product=sistema-pbx-ip-yeastar-p550-2\",\"name\":\"SISTEMA PBX IP YEASTAR - P550 - CONSUTIC\",\"isPartOf\":{\"@id\":\"https:\/\/consutic.com\/#website\"},\"primaryImageOfPage\":{\"@id\":\"https:\/\/consutic.com\/?product=sistema-pbx-ip-yeastar-p550-2#primaryimage\"},\"image\":{\"@id\":\"https:\/\/consutic.com\/?product=sistema-pbx-ip-yeastar-p550-2#primaryimage\"},\"thumbnailUrl\":\"https:\/\/consutic.com\/wp-content\/uploads\/2024\/11\/p550-img1-1.png\",\"datePublished\":\"2024-11-20T19:35:55+00:00\",\"dateModified\":\"2024-11-26T04:35:45+00:00\",\"breadcrumb\":{\"@id\":\"https:\/\/consutic.com\/?product=sistema-pbx-ip-yeastar-p550-2#breadcrumb\"},\"inLanguage\":\"es\",\"potentialAction\":[{\"@type\":\"ReadAction\",\"target\":[\"https:\/\/consutic.com\/?product=sistema-pbx-ip-yeastar-p550-2\"]}]},{\"@type\":\"ImageObject\",\"inLanguage\":\"es\",\"@id\":\"https:\/\/consutic.com\/?product=sistema-pbx-ip-yeastar-p550-2#primaryimage\",\"url\":\"https:\/\/consutic.com\/wp-content\/uploads\/2024\/11\/p550-img1-1.png\",\"contentUrl\":\"https:\/\/consutic.com\/wp-content\/uploads\/2024\/11\/p550-img1-1.png\",\"width\":1017,\"height\":455},{\"@type\":\"BreadcrumbList\",\"@id\":\"https:\/\/consutic.com\/?product=sistema-pbx-ip-yeastar-p550-2#breadcrumb\",\"itemListElement\":[{\"@type\":\"ListItem\",\"position\":1,\"name\":\"Portada\",\"item\":\"https:\/\/consutic.com\/\"},{\"@type\":\"ListItem\",\"position\":2,\"name\":\"Shop\",\"item\":\"https:\/\/consutic.com\/?page_id=4306\"},{\"@type\":\"ListItem\",\"position\":3,\"name\":\"SISTEMA PBX IP YEASTAR &#8211; P550\"}]},{\"@type\":\"WebSite\",\"@id\":\"https:\/\/consutic.com\/#website\",\"url\":\"https:\/\/consutic.com\/\",\"name\":\"CONSUTIC\",\"description\":\"Innovando servicios y soluciones para su empresa\",\"publisher\":{\"@id\":\"https:\/\/consutic.com\/#organization\"},\"potentialAction\":[{\"@type\":\"SearchAction\",\"target\":{\"@type\":\"EntryPoint\",\"urlTemplate\":\"https:\/\/consutic.com\/?s={search_term_string}\"},\"query-input\":{\"@type\":\"PropertyValueSpecification\",\"valueRequired\":true,\"valueName\":\"search_term_string\"}}],\"inLanguage\":\"es\"},{\"@type\":\"Organization\",\"@id\":\"https:\/\/consutic.com\/#organization\",\"name\":\"CONSUTIC\",\"url\":\"https:\/\/consutic.com\/\",\"logo\":{\"@type\":\"ImageObject\",\"inLanguage\":\"es\",\"@id\":\"https:\/\/consutic.com\/#\/schema\/logo\/image\/\",\"url\":\"https:\/\/consutic.com\/wp-content\/uploads\/2024\/06\/logo-horizontal.png\",\"contentUrl\":\"https:\/\/consutic.com\/wp-content\/uploads\/2024\/06\/logo-horizontal.png\",\"width\":1182,\"height\":289,\"caption\":\"CONSUTIC\"},\"image\":{\"@id\":\"https:\/\/consutic.com\/#\/schema\/logo\/image\/\"}}]}<\/script>\n<!-- \/ Yoast SEO plugin. -->","yoast_head_json":{"title":"SISTEMA PBX IP YEASTAR - P550 - CONSUTIC","robots":{"index":"index","follow":"follow","max-snippet":"max-snippet:-1","max-image-preview":"max-image-preview:large","max-video-preview":"max-video-preview:-1"},"canonical":"https:\/\/consutic.com\/?product=sistema-pbx-ip-yeastar-p550-2","og_locale":"es_ES","og_type":"article","og_title":"SISTEMA PBX IP YEASTAR - P550 - CONSUTIC","og_description":"Permite acceder a llamadas , conferencias, correos de voz, presencia, contactos, colaboradores desde una misma interfaz utilizando navegadores web, tel\u00e9fonos m\u00f3viles y ordenadores sobremesa.","og_url":"https:\/\/consutic.com\/?product=sistema-pbx-ip-yeastar-p550-2","og_site_name":"CONSUTIC","article_modified_time":"2024-11-26T04:35:45+00:00","og_image":[{"width":1017,"height":455,"url":"https:\/\/consutic.com\/wp-content\/uploads\/2024\/11\/p550-img1-1.png","type":"image\/png"}],"twitter_card":"summary_large_image","twitter_misc":{"Est. reading time":"1 minuto"},"schema":{"@context":"https:\/\/schema.org","@graph":[{"@type":"WebPage","@id":"https:\/\/consutic.com\/?product=sistema-pbx-ip-yeastar-p550-2","url":"https:\/\/consutic.com\/?product=sistema-pbx-ip-yeastar-p550-2","name":"SISTEMA PBX IP YEASTAR - P550 - CONSUTIC","isPartOf":{"@id":"https:\/\/consutic.com\/#website"},"primaryImageOfPage":{"@id":"https:\/\/consutic.com\/?product=sistema-pbx-ip-yeastar-p550-2#primaryimage"},"image":{"@id":"https:\/\/consutic.com\/?product=sistema-pbx-ip-yeastar-p550-2#primaryimage"},"thumbnailUrl":"https:\/\/consutic.com\/wp-content\/uploads\/2024\/11\/p550-img1-1.png","datePublished":"2024-11-20T19:35:55+00:00","dateModified":"2024-11-26T04:35:45+00:00","breadcrumb":{"@id":"https:\/\/consutic.com\/?product=sistema-pbx-ip-yeastar-p550-2#breadcrumb"},"inLanguage":"es","potentialAction":[{"@type":"ReadAction","target":["https:\/\/consutic.com\/?product=sistema-pbx-ip-yeastar-p550-2"]}]},{"@type":"ImageObject","inLanguage":"es","@id":"https:\/\/consutic.com\/?product=sistema-pbx-ip-yeastar-p550-2#primaryimage","url":"https:\/\/consutic.com\/wp-content\/uploads\/2024\/11\/p550-img1-1.png","contentUrl":"https:\/\/consutic.com\/wp-content\/uploads\/2024\/11\/p550-img1-1.png","width":1017,"height":455},{"@type":"BreadcrumbList","@id":"https:\/\/consutic.com\/?product=sistema-pbx-ip-yeastar-p550-2#breadcrumb","itemListElement":[{"@type":"ListItem","position":1,"name":"Portada","item":"https:\/\/consutic.com\/"},{"@type":"ListItem","position":2,"name":"Shop","item":"https:\/\/consutic.com\/?page_id=4306"},{"@type":"ListItem","position":3,"name":"SISTEMA PBX IP YEASTAR &#8211; P550"}]},{"@type":"WebSite","@id":"https:\/\/consutic.com\/#website","url":"https:\/\/consutic.com\/","name":"CONSUTIC","description":"Innovando servicios y soluciones para su empresa","publisher":{"@id":"https:\/\/consutic.com\/#organization"},"potentialAction":[{"@type":"SearchAction","target":{"@type":"EntryPoint","urlTemplate":"https:\/\/consutic.com\/?s={search_term_string}"},"query-input":{"@type":"PropertyValueSpecification","valueRequired":true,"valueName":"search_term_string"}}],"inLanguage":"es"},{"@type":"Organization","@id":"https:\/\/consutic.com\/#organization","name":"CONSUTIC","url":"https:\/\/consutic.com\/","logo":{"@type":"ImageObject","inLanguage":"es","@id":"https:\/\/consutic.com\/#\/schema\/logo\/image\/","url":"https:\/\/consutic.com\/wp-content\/uploads\/2024\/06\/logo-horizontal.png","contentUrl":"https:\/\/consutic.com\/wp-content\/uploads\/2024\/06\/logo-horizontal.png","width":1182,"height":289,"caption":"CONSUTIC"},"image":{"@id":"https:\/\/consutic.com\/#\/schema\/logo\/image\/"}}]}},"brands":[{"id":60,"name":"Yeastar","slug":"yeastar"}],"_links":{"self":[{"href":"https:\/\/consutic.com\/index.php?rest_route=\/wp\/v2\/product\/4517","targetHints":{"allow":["GET"]}}],"collection":[{"href":"https:\/\/consutic.com\/index.php?rest_route=\/wp\/v2\/product"}],"about":[{"href":"https:\/\/consutic.com\/index.php?rest_route=\/wp\/v2\/types\/product"}],"wp:featuredmedia":[{"embeddable":true,"href":"https:\/\/consutic.com\/index.php?rest_route=\/wp\/v2\/media\/4505"}],"wp:attachment":[{"href":"https:\/\/consutic.com\/index.php?rest_route=%2Fwp%2Fv2%2Fmedia&parent=4517"}],"wp:term":[{"taxonomy":"pwb-brand","embeddable":true,"href":"https:\/\/consutic.com\/index.php?rest_route=%2Fwp%2Fv2%2Fpwb-brand&post=4517"},{"taxonomy":"product_brand","embeddable":true,"href":"https:\/\/consutic.com\/index.php?rest_route=%2Fwp%2Fv2%2Fproduct_brand&post=4517"},{"taxonomy":"product_cat","embeddable":true,"href":"https:\/\/consutic.com\/index.php?rest_route=%2Fwp%2Fv2%2Fproduct_cat&post=4517"},{"taxonomy":"product_tag","embeddable":true,"href":"https:\/\/consutic.com\/index.php?rest_route=%2Fwp%2Fv2%2Fproduct_tag&post=4517"}],"curies":[{"name":"wp","href":"https:\/\/api.w.org\/{rel}","templated":true}]}}