{"id":5719,"date":"2024-11-25T23:07:59","date_gmt":"2024-11-26T04:07:59","guid":{"rendered":"https:\/\/consutic.com\/?page_id=5719"},"modified":"2025-01-09T14:26:39","modified_gmt":"2025-01-09T19:26:39","slug":"avaya","status":"publish","type":"page","link":"https:\/\/consutic.com\/?page_id=5719","title":{"rendered":"Avaya"},"content":{"rendered":"\t\t<div data-elementor-type=\"wp-page\" data-elementor-id=\"5719\" class=\"elementor elementor-5719\" data-elementor-post-type=\"page\">\n\t\t\t\t<div class=\"elementor-element elementor-element-c6124fe e-flex e-con-boxed e-con e-parent\" data-id=\"c6124fe\" data-element_type=\"container\">\n\t\t\t\t\t<div class=\"e-con-inner\">\n\t\t\t\t<div class=\"elementor-element elementor-element-fab915c elementor-widget elementor-widget-text-editor\" data-id=\"fab915c\" data-element_type=\"widget\" data-widget_type=\"text-editor.default\">\n\t\t\t\t<div class=\"elementor-widget-container\">\n\t\t\t\t\t\t\t\t\t\t\t<div data-elementor-type=\"wp-post\" data-elementor-id=\"1504\" class=\"elementor elementor-1504\" data-elementor-post-type=\"elementor-hf\">\n\t\t\t\t\t\t<section class=\"elementor-section elementor-top-section elementor-element elementor-element-7f2f9527 elementor-section-full_width elementor-section-height-min-height elementor-section-stretched ops-section page-title-head elementor-section-items-bottom elementor-section-height-default\" data-id=\"7f2f9527\" data-element_type=\"section\" data-settings=\"{&quot;stretch_section&quot;:&quot;section-stretched&quot;,&quot;background_background&quot;:&quot;classic&quot;,&quot;ekit_has_onepagescroll&quot;:&quot;section&quot;}\">\n\t\t\t\t\t\t<div class=\"elementor-container elementor-column-gap-no\">\n\t\t\t\t\t<div class=\"elementor-column elementor-col-100 elementor-top-column elementor-element elementor-element-62fda071\" data-id=\"62fda071\" data-element_type=\"column\">\n\t\t\t<div class=\"elementor-widget-wrap elementor-element-populated\">\n\t\t\t\t\t\t<section class=\"elementor-section elementor-inner-section elementor-element elementor-element-2072b772 elementor-section-height-min-height elementor-section-full_width elementor-section-height-default elementor-invisible\" data-id=\"2072b772\" data-element_type=\"section\" data-settings=\"{&quot;background_background&quot;:&quot;classic&quot;,&quot;animation&quot;:&quot;fadeIn&quot;}\">\n\t\t\t\t\t\t<div class=\"elementor-container elementor-column-gap-no\">\n\t\t\t\t\t<div class=\"elementor-column elementor-col-100 elementor-inner-column elementor-element elementor-element-6474316\" data-id=\"6474316\" data-element_type=\"column\">\n\t\t\t<div class=\"elementor-widget-wrap elementor-element-populated\">\n\t\t\t\t\t\t<div class=\"elementor-element elementor-element-fd88da8 elementor-widget elementor-widget-page-title\" data-id=\"fd88da8\" data-element_type=\"widget\" data-settings=\"{&quot;align&quot;:&quot;center&quot;}\" data-widget_type=\"page-title.default\">\n\t\t\t\t<div class=\"elementor-widget-container\">\n\t\t\t\t\t\t\t\n\t\t<div class=\"hfe-page-title hfe-page-title-wrapper elementor-widget-heading\">\n\n\t\t\t\t\t\t\t\t<h2 class=\"elementor-heading-title elementor-size-default\">\n\t\t\t\t\t\t\t\t\n\t\t\t\tAvaya  \n\t\t\t<\/h2 > \n\t\t\t\t\t<\/div>\n\t\t\t\t\t\t<\/div>\n\t\t\t\t<\/div>\n\t\t\t\t\t<\/div>\n\t\t<\/div>\n\t\t\t\t\t<\/div>\n\t\t<\/section>\n\t\t\t\t\t<\/div>\n\t\t<\/div>\n\t\t\t\t\t<\/div>\n\t\t<\/section>\n\t\t\t\t<\/div>\n\t\t\t\t\t\t\t\t\t\t<\/div>\n\t\t\t\t<\/div>\n\t\t\t\t\t<\/div>\n\t\t\t\t<\/div>\n\t\t<div class=\"elementor-element elementor-element-55ad520 e-flex e-con-boxed e-con e-parent\" data-id=\"55ad520\" data-element_type=\"container\">\n\t\t\t\t\t<div class=\"e-con-inner\">\n\t\t\t\t<div class=\"elementor-element elementor-element-d08d4ac ekit-equal-height-disable elementor-widget elementor-widget-elementskit-image-box\" data-id=\"d08d4ac\" data-element_type=\"widget\" data-widget_type=\"elementskit-image-box.default\">\n\t\t\t\t<div class=\"elementor-widget-container\">\n\t\t\t\t\t<div class=\"ekit-wid-con\" >\n            <div class=\"elementskit-info-image-box ekit-image-box text-center simple-card\" >\n\n                \n                <div class=\"elementskit-box-header image-box-img-center\">\n\n                    <img decoding=\"async\" width=\"300\" height=\"86\" src=\"https:\/\/consutic.com\/wp-content\/uploads\/2024\/11\/Logo-Avaya-300x86.png\" class=\"attachment-medium size-medium wp-image-4344\" alt=\"\" srcset=\"https:\/\/consutic.com\/wp-content\/uploads\/2024\/11\/Logo-Avaya-300x86.png 300w, https:\/\/consutic.com\/wp-content\/uploads\/2024\/11\/Logo-Avaya-600x172.png 600w, https:\/\/consutic.com\/wp-content\/uploads\/2024\/11\/Logo-Avaya-64x18.png 64w, https:\/\/consutic.com\/wp-content\/uploads\/2024\/11\/Logo-Avaya-1024x293.png 1024w, https:\/\/consutic.com\/wp-content\/uploads\/2024\/11\/Logo-Avaya-768x220.png 768w, https:\/\/consutic.com\/wp-content\/uploads\/2024\/11\/Logo-Avaya.png 1280w\" sizes=\"(max-width: 300px) 100vw, 300px\" \/>\n                <\/div>\n                \n                <div class=\"elementskit-box-body ekit-image-box-body\">\n                    <div class=\"elementskit-box-content ekit-image-box-body-inner\">\n                                                            <\/div>\n\n                            <\/div>\n            <\/div>\n    <\/div>\t\t\t\t<\/div>\n\t\t\t\t<\/div>\n\t\t\t\t<div class=\"elementor-element elementor-element-6013d86 elementor-widget elementor-widget-text-editor\" data-id=\"6013d86\" data-element_type=\"widget\" data-widget_type=\"text-editor.default\">\n\t\t\t\t<div class=\"elementor-widget-container\">\n\t\t\t\t\t\t\t\t\t<p><span style=\"font-weight: 400;\">Con una amplia gama de productos y servicios dise\u00f1ados para mejorar la productividad, la eficiencia y la experiencia del cliente en organizaciones de todos los tama\u00f1os. Avaya ofrece soluciones completas y flexibles que permiten a las empresas mejorar la comunicaci\u00f3n interna, optimizar la atenci\u00f3n al cliente y fomentar una mayor colaboraci\u00f3n, todo dentro de un entorno digital innovador y seguro. Entre sus soluciones m\u00e1s destacadas incluyen:<\/span><\/p><ul style=\"list-style-type: square;\"><li><span style=\"font-weight: 400;\">Sistemas de telefon\u00eda en la nube y PBX<\/span><\/li><li><span style=\"font-weight: 400;\">Centros de contacto (Contact Centers)<\/span><\/li><li><span style=\"font-weight: 400;\">Soluciones de comunicaciones unificadas<\/span><\/li><li><span style=\"font-weight: 400;\">Inteligencia artificial y an\u00e1lisis de datos<\/span><\/li><li><span style=\"font-weight: 400;\">Seguridad y escalabilidad<\/span><\/li><\/ul>\t\t\t\t\t\t\t\t<\/div>\n\t\t\t\t<\/div>\n\t\t\t\t\t<\/div>\n\t\t\t\t<\/div>\n\t\t\t\t<\/div>\n\t\t","protected":false},"excerpt":{"rendered":"<p>Con una amplia gama de productos y servicios dise\u00f1ados para mejorar la productividad, la eficiencia y la experiencia del cliente [&hellip;]<\/p>\n","protected":false},"author":2,"featured_media":0,"parent":4160,"menu_order":0,"comment_status":"closed","ping_status":"closed","template":"","meta":{"site-sidebar-layout":"no-sidebar","site-content-layout":"","ast-site-content-layout":"full-width-container","site-content-style":"default","site-sidebar-style":"default","ast-global-header-display":"","ast-banner-title-visibility":"","ast-main-header-display":"","ast-hfb-above-header-display":"","ast-hfb-below-header-display":"","ast-hfb-mobile-header-display":"","site-post-title":"disabled","ast-breadcrumbs-content":"","ast-featured-img":"disabled","footer-sml-layout":"","theme-transparent-header-meta":"default","adv-header-id-meta":"","stick-header-meta":"","header-above-stick-meta":"","header-main-stick-meta":"","header-below-stick-meta":"","astra-migrate-meta-layouts":"set","ast-page-background-enabled":"default","ast-page-background-meta":{"desktop":{"background-color":"var(--ast-global-color-4)","background-image":"","background-repeat":"repeat","background-position":"center center","background-size":"auto","background-attachment":"scroll","background-type":"","background-media":"","overlay-type":"","overlay-color":"","overlay-opacity":"","overlay-gradient":""},"tablet":{"background-color":"","background-image":"","background-repeat":"repeat","background-position":"center center","background-size":"auto","background-attachment":"scroll","background-type":"","background-media":"","overlay-type":"","overlay-color":"","overlay-opacity":"","overlay-gradient":""},"mobile":{"background-color":"","background-image":"","background-repeat":"repeat","background-position":"center center","background-size":"auto","background-attachment":"scroll","background-type":"","background-media":"","overlay-type":"","overlay-color":"","overlay-opacity":"","overlay-gradient":""}},"ast-content-background-meta":{"desktop":{"background-color":"var(--ast-global-color-5)","background-image":"","background-repeat":"repeat","background-position":"center center","background-size":"auto","background-attachment":"scroll","background-type":"","background-media":"","overlay-type":"","overlay-color":"","overlay-opacity":"","overlay-gradient":""},"tablet":{"background-color":"var(--ast-global-color-5)","background-image":"","background-repeat":"repeat","background-position":"center center","background-size":"auto","background-attachment":"scroll","background-type":"","background-media":"","overlay-type":"","overlay-color":"","overlay-opacity":"","overlay-gradient":""},"mobile":{"background-color":"var(--ast-global-color-5)","background-image":"","background-repeat":"repeat","background-position":"center center","background-size":"auto","background-attachment":"scroll","background-type":"","background-media":"","overlay-type":"","overlay-color":"","overlay-opacity":"","overlay-gradient":""}},"footnotes":""},"class_list":["post-5719","page","type-page","status-publish","hentry"],"yoast_head":"<!-- This site is optimized with the Yoast SEO plugin v25.6 - https:\/\/yoast.com\/wordpress\/plugins\/seo\/ -->\n<title>Avaya - CONSUTIC<\/title>\n<meta name=\"robots\" content=\"index, follow, max-snippet:-1, max-image-preview:large, max-video-preview:-1\" \/>\n<link rel=\"canonical\" href=\"https:\/\/consutic.com\/?page_id=5719\" \/>\n<meta property=\"og:locale\" content=\"es_ES\" \/>\n<meta property=\"og:type\" content=\"article\" \/>\n<meta property=\"og:title\" content=\"Avaya - CONSUTIC\" \/>\n<meta property=\"og:description\" content=\"Con una amplia gama de productos y servicios dise\u00f1ados para mejorar la productividad, la eficiencia y la experiencia del cliente [&hellip;]\" \/>\n<meta property=\"og:url\" content=\"https:\/\/consutic.com\/?page_id=5719\" \/>\n<meta property=\"og:site_name\" content=\"CONSUTIC\" \/>\n<meta property=\"article:modified_time\" content=\"2025-01-09T19:26:39+00:00\" \/>\n<meta property=\"og:image\" content=\"https:\/\/consutic.com\/wp-content\/uploads\/2024\/11\/Logo-Avaya-300x86.png\" \/>\n<meta name=\"twitter:card\" content=\"summary_large_image\" \/>\n<meta name=\"twitter:label1\" content=\"Est. reading time\" \/>\n\t<meta name=\"twitter:data1\" content=\"1 minuto\" \/>\n<script type=\"application\/ld+json\" class=\"yoast-schema-graph\">{\"@context\":\"https:\/\/schema.org\",\"@graph\":[{\"@type\":\"WebPage\",\"@id\":\"https:\/\/consutic.com\/?page_id=5719\",\"url\":\"https:\/\/consutic.com\/?page_id=5719\",\"name\":\"Avaya - CONSUTIC\",\"isPartOf\":{\"@id\":\"https:\/\/consutic.com\/#website\"},\"primaryImageOfPage\":{\"@id\":\"https:\/\/consutic.com\/?page_id=5719#primaryimage\"},\"image\":{\"@id\":\"https:\/\/consutic.com\/?page_id=5719#primaryimage\"},\"thumbnailUrl\":\"https:\/\/consutic.com\/wp-content\/uploads\/2024\/11\/Logo-Avaya-300x86.png\",\"datePublished\":\"2024-11-26T04:07:59+00:00\",\"dateModified\":\"2025-01-09T19:26:39+00:00\",\"breadcrumb\":{\"@id\":\"https:\/\/consutic.com\/?page_id=5719#breadcrumb\"},\"inLanguage\":\"es\",\"potentialAction\":[{\"@type\":\"ReadAction\",\"target\":[\"https:\/\/consutic.com\/?page_id=5719\"]}]},{\"@type\":\"ImageObject\",\"inLanguage\":\"es\",\"@id\":\"https:\/\/consutic.com\/?page_id=5719#primaryimage\",\"url\":\"https:\/\/consutic.com\/wp-content\/uploads\/2024\/11\/Logo-Avaya.png\",\"contentUrl\":\"https:\/\/consutic.com\/wp-content\/uploads\/2024\/11\/Logo-Avaya.png\",\"width\":1280,\"height\":366},{\"@type\":\"BreadcrumbList\",\"@id\":\"https:\/\/consutic.com\/?page_id=5719#breadcrumb\",\"itemListElement\":[{\"@type\":\"ListItem\",\"position\":1,\"name\":\"Portada\",\"item\":\"https:\/\/consutic.com\/\"},{\"@type\":\"ListItem\",\"position\":2,\"name\":\"Productos\",\"item\":\"https:\/\/consutic.com\/?page_id=3899\"},{\"@type\":\"ListItem\",\"position\":3,\"name\":\"Comunicaciones Unificadas\",\"item\":\"https:\/\/consutic.com\/?page_id=4160\"},{\"@type\":\"ListItem\",\"position\":4,\"name\":\"Avaya\"}]},{\"@type\":\"WebSite\",\"@id\":\"https:\/\/consutic.com\/#website\",\"url\":\"https:\/\/consutic.com\/\",\"name\":\"CONSUTIC\",\"description\":\"Innovando servicios y soluciones para su empresa\",\"publisher\":{\"@id\":\"https:\/\/consutic.com\/#organization\"},\"potentialAction\":[{\"@type\":\"SearchAction\",\"target\":{\"@type\":\"EntryPoint\",\"urlTemplate\":\"https:\/\/consutic.com\/?s={search_term_string}\"},\"query-input\":{\"@type\":\"PropertyValueSpecification\",\"valueRequired\":true,\"valueName\":\"search_term_string\"}}],\"inLanguage\":\"es\"},{\"@type\":\"Organization\",\"@id\":\"https:\/\/consutic.com\/#organization\",\"name\":\"CONSUTIC\",\"url\":\"https:\/\/consutic.com\/\",\"logo\":{\"@type\":\"ImageObject\",\"inLanguage\":\"es\",\"@id\":\"https:\/\/consutic.com\/#\/schema\/logo\/image\/\",\"url\":\"https:\/\/consutic.com\/wp-content\/uploads\/2024\/06\/logo-horizontal.png\",\"contentUrl\":\"https:\/\/consutic.com\/wp-content\/uploads\/2024\/06\/logo-horizontal.png\",\"width\":1182,\"height\":289,\"caption\":\"CONSUTIC\"},\"image\":{\"@id\":\"https:\/\/consutic.com\/#\/schema\/logo\/image\/\"}}]}<\/script>\n<!-- \/ Yoast SEO plugin. -->","yoast_head_json":{"title":"Avaya - CONSUTIC","robots":{"index":"index","follow":"follow","max-snippet":"max-snippet:-1","max-image-preview":"max-image-preview:large","max-video-preview":"max-video-preview:-1"},"canonical":"https:\/\/consutic.com\/?page_id=5719","og_locale":"es_ES","og_type":"article","og_title":"Avaya - CONSUTIC","og_description":"Con una amplia gama de productos y servicios dise\u00f1ados para mejorar la productividad, la eficiencia y la experiencia del cliente [&hellip;]","og_url":"https:\/\/consutic.com\/?page_id=5719","og_site_name":"CONSUTIC","article_modified_time":"2025-01-09T19:26:39+00:00","og_image":[{"url":"https:\/\/consutic.com\/wp-content\/uploads\/2024\/11\/Logo-Avaya-300x86.png","type":"","width":"","height":""}],"twitter_card":"summary_large_image","twitter_misc":{"Est. reading time":"1 minuto"},"schema":{"@context":"https:\/\/schema.org","@graph":[{"@type":"WebPage","@id":"https:\/\/consutic.com\/?page_id=5719","url":"https:\/\/consutic.com\/?page_id=5719","name":"Avaya - CONSUTIC","isPartOf":{"@id":"https:\/\/consutic.com\/#website"},"primaryImageOfPage":{"@id":"https:\/\/consutic.com\/?page_id=5719#primaryimage"},"image":{"@id":"https:\/\/consutic.com\/?page_id=5719#primaryimage"},"thumbnailUrl":"https:\/\/consutic.com\/wp-content\/uploads\/2024\/11\/Logo-Avaya-300x86.png","datePublished":"2024-11-26T04:07:59+00:00","dateModified":"2025-01-09T19:26:39+00:00","breadcrumb":{"@id":"https:\/\/consutic.com\/?page_id=5719#breadcrumb"},"inLanguage":"es","potentialAction":[{"@type":"ReadAction","target":["https:\/\/consutic.com\/?page_id=5719"]}]},{"@type":"ImageObject","inLanguage":"es","@id":"https:\/\/consutic.com\/?page_id=5719#primaryimage","url":"https:\/\/consutic.com\/wp-content\/uploads\/2024\/11\/Logo-Avaya.png","contentUrl":"https:\/\/consutic.com\/wp-content\/uploads\/2024\/11\/Logo-Avaya.png","width":1280,"height":366},{"@type":"BreadcrumbList","@id":"https:\/\/consutic.com\/?page_id=5719#breadcrumb","itemListElement":[{"@type":"ListItem","position":1,"name":"Portada","item":"https:\/\/consutic.com\/"},{"@type":"ListItem","position":2,"name":"Productos","item":"https:\/\/consutic.com\/?page_id=3899"},{"@type":"ListItem","position":3,"name":"Comunicaciones Unificadas","item":"https:\/\/consutic.com\/?page_id=4160"},{"@type":"ListItem","position":4,"name":"Avaya"}]},{"@type":"WebSite","@id":"https:\/\/consutic.com\/#website","url":"https:\/\/consutic.com\/","name":"CONSUTIC","description":"Innovando servicios y soluciones para su empresa","publisher":{"@id":"https:\/\/consutic.com\/#organization"},"potentialAction":[{"@type":"SearchAction","target":{"@type":"EntryPoint","urlTemplate":"https:\/\/consutic.com\/?s={search_term_string}"},"query-input":{"@type":"PropertyValueSpecification","valueRequired":true,"valueName":"search_term_string"}}],"inLanguage":"es"},{"@type":"Organization","@id":"https:\/\/consutic.com\/#organization","name":"CONSUTIC","url":"https:\/\/consutic.com\/","logo":{"@type":"ImageObject","inLanguage":"es","@id":"https:\/\/consutic.com\/#\/schema\/logo\/image\/","url":"https:\/\/consutic.com\/wp-content\/uploads\/2024\/06\/logo-horizontal.png","contentUrl":"https:\/\/consutic.com\/wp-content\/uploads\/2024\/06\/logo-horizontal.png","width":1182,"height":289,"caption":"CONSUTIC"},"image":{"@id":"https:\/\/consutic.com\/#\/schema\/logo\/image\/"}}]}},"_links":{"self":[{"href":"https:\/\/consutic.com\/index.php?rest_route=\/wp\/v2\/pages\/5719","targetHints":{"allow":["GET"]}}],"collection":[{"href":"https:\/\/consutic.com\/index.php?rest_route=\/wp\/v2\/pages"}],"about":[{"href":"https:\/\/consutic.com\/index.php?rest_route=\/wp\/v2\/types\/page"}],"author":[{"embeddable":true,"href":"https:\/\/consutic.com\/index.php?rest_route=\/wp\/v2\/users\/2"}],"replies":[{"embeddable":true,"href":"https:\/\/consutic.com\/index.php?rest_route=%2Fwp%2Fv2%2Fcomments&post=5719"}],"version-history":[{"count":28,"href":"https:\/\/consutic.com\/index.php?rest_route=\/wp\/v2\/pages\/5719\/revisions"}],"predecessor-version":[{"id":6738,"href":"https:\/\/consutic.com\/index.php?rest_route=\/wp\/v2\/pages\/5719\/revisions\/6738"}],"up":[{"embeddable":true,"href":"https:\/\/consutic.com\/index.php?rest_route=\/wp\/v2\/pages\/4160"}],"wp:attachment":[{"href":"https:\/\/consutic.com\/index.php?rest_route=%2Fwp%2Fv2%2Fmedia&parent=5719"}],"curies":[{"name":"wp","href":"https:\/\/api.w.org\/{rel}","templated":true}]}}