{"id":2872,"date":"2024-08-06T19:07:04","date_gmt":"2024-08-07T00:07:04","guid":{"rendered":"http:\/\/consutic.com:8888\/?page_id=2872"},"modified":"2024-08-06T22:55:42","modified_gmt":"2024-08-07T03:55:42","slug":"servicios-de-outsourcing","status":"publish","type":"page","link":"https:\/\/consutic.com\/?page_id=2872","title":{"rendered":"Servicios de Outsourcing"},"content":{"rendered":"\t\t<div data-elementor-type=\"wp-page\" data-elementor-id=\"2872\" class=\"elementor elementor-2872\" data-elementor-post-type=\"page\">\n\t\t\t\t<div class=\"elementor-element elementor-element-894adf4 e-con-full e-flex e-con e-parent\" data-id=\"894adf4\" data-element_type=\"container\">\n\t\t<div class=\"elementor-element elementor-element-51cff72 e-con-full e-flex e-con e-child\" data-id=\"51cff72\" data-element_type=\"container\">\n\t\t<div class=\"elementor-element elementor-element-345e7cc e-con-full e-flex e-con e-child\" data-id=\"345e7cc\" data-element_type=\"container\">\n\t\t\t\t<div class=\"elementor-element elementor-element-ddc77b2 elementor-widget elementor-widget-text-editor\" data-id=\"ddc77b2\" data-element_type=\"widget\" data-widget_type=\"text-editor.default\">\n\t\t\t\t<div class=\"elementor-widget-container\">\n\t\t\t\t\t\t\t\t\t\t\t<div data-elementor-type=\"wp-post\" data-elementor-id=\"1504\" class=\"elementor elementor-1504\" data-elementor-post-type=\"elementor-hf\">\n\t\t\t\t\t\t<section class=\"elementor-section elementor-top-section elementor-element elementor-element-7f2f9527 elementor-section-full_width elementor-section-height-min-height elementor-section-stretched ops-section page-title-head elementor-section-items-bottom elementor-section-height-default\" data-id=\"7f2f9527\" data-element_type=\"section\" data-settings=\"{&quot;stretch_section&quot;:&quot;section-stretched&quot;,&quot;background_background&quot;:&quot;classic&quot;,&quot;ekit_has_onepagescroll&quot;:&quot;section&quot;}\">\n\t\t\t\t\t\t<div class=\"elementor-container elementor-column-gap-no\">\n\t\t\t\t\t<div class=\"elementor-column elementor-col-100 elementor-top-column elementor-element elementor-element-62fda071\" data-id=\"62fda071\" data-element_type=\"column\">\n\t\t\t<div class=\"elementor-widget-wrap elementor-element-populated\">\n\t\t\t\t\t\t<section class=\"elementor-section elementor-inner-section elementor-element elementor-element-2072b772 elementor-section-height-min-height elementor-section-full_width elementor-section-height-default elementor-invisible\" data-id=\"2072b772\" data-element_type=\"section\" data-settings=\"{&quot;background_background&quot;:&quot;classic&quot;,&quot;animation&quot;:&quot;fadeIn&quot;}\">\n\t\t\t\t\t\t<div class=\"elementor-container elementor-column-gap-no\">\n\t\t\t\t\t<div class=\"elementor-column elementor-col-100 elementor-inner-column elementor-element elementor-element-6474316\" data-id=\"6474316\" data-element_type=\"column\">\n\t\t\t<div class=\"elementor-widget-wrap elementor-element-populated\">\n\t\t\t\t\t\t<div class=\"elementor-element elementor-element-fd88da8 elementor-widget elementor-widget-page-title\" data-id=\"fd88da8\" data-element_type=\"widget\" data-settings=\"{&quot;align&quot;:&quot;center&quot;}\" data-widget_type=\"page-title.default\">\n\t\t\t\t<div class=\"elementor-widget-container\">\n\t\t\t\t\t\t\t\n\t\t<div class=\"hfe-page-title hfe-page-title-wrapper elementor-widget-heading\">\n\n\t\t\t\t\t\t\t\t<h2 class=\"elementor-heading-title elementor-size-default\">\n\t\t\t\t\t\t\t\t\n\t\t\t\tServicios de Outsourcing  \n\t\t\t<\/h2 > \n\t\t\t\t\t<\/div>\n\t\t\t\t\t\t<\/div>\n\t\t\t\t<\/div>\n\t\t\t\t\t<\/div>\n\t\t<\/div>\n\t\t\t\t\t<\/div>\n\t\t<\/section>\n\t\t\t\t\t<\/div>\n\t\t<\/div>\n\t\t\t\t\t<\/div>\n\t\t<\/section>\n\t\t\t\t<\/div>\n\t\t\t\t\t\t\t\t\t\t<\/div>\n\t\t\t\t<\/div>\n\t\t\t\t<\/div>\n\t\t\t\t<\/div>\n\t\t\t\t<\/div>\n\t\t<div class=\"elementor-element elementor-element-beb0c18 e-flex e-con-boxed e-con e-parent\" data-id=\"beb0c18\" data-element_type=\"container\">\n\t\t\t\t\t<div class=\"e-con-inner\">\n\t\t\t\t<div class=\"elementor-element elementor-element-3bfcecd elementor-widget elementor-widget-elementskit-heading\" data-id=\"3bfcecd\" data-element_type=\"widget\" data-widget_type=\"elementskit-heading.default\">\n\t\t\t\t<div class=\"elementor-widget-container\">\n\t\t\t\t\t<div class=\"ekit-wid-con\" ><div class=\"ekit-heading elementskit-section-title-wraper text_center   ekit_heading_tablet-   ekit_heading_mobile-\"><h4 class=\"ekit-heading--subtitle elementskit-section-subtitle  \">\n\t\t\t\t\t\t\u00a1Optimiza tu negocio y reduce costos con nuestro servicio de outsourcing!\n\t\t\t\t\t<\/h4>\t\t\t\t<div class='ekit-heading__description'>\n\t\t\t\t\t<p>En un entorno empresarial cada vez m\u00e1s competitivo, es fundamental maximizar la eficiencia y reducir costos para mantener la ventaja competitiva. Nuestro servicio de outsourcing ofrece una soluci\u00f3n completa para ayudarte a alcanzar tus objetivos empresariales, permiti\u00e9ndote delegar tareas no estrat\u00e9gicas y enfocarte en lo que realmente importa: hacer crecer tu negocio.<\/p>\n\t\t\t\t<\/div>\n\t\t\t<\/div><\/div>\t\t\t\t<\/div>\n\t\t\t\t<\/div>\n\t\t\t\t\t<\/div>\n\t\t\t\t<\/div>\n\t\t<div class=\"elementor-element elementor-element-87abe0f e-flex e-con-boxed e-con e-parent\" data-id=\"87abe0f\" data-element_type=\"container\">\n\t\t\t\t\t<div class=\"e-con-inner\">\n\t\t<div class=\"elementor-element elementor-element-8162d24 e-con-full e-flex e-con e-child\" data-id=\"8162d24\" data-element_type=\"container\">\n\t\t\t\t<div class=\"elementor-element elementor-element-64a04fb elementor-widget elementor-widget-image\" data-id=\"64a04fb\" data-element_type=\"widget\" data-widget_type=\"image.default\">\n\t\t\t\t<div class=\"elementor-widget-container\">\n\t\t\t\t\t\t\t\t\t\t\t\t\t\t\t<img fetchpriority=\"high\" decoding=\"async\" width=\"1669\" height=\"1344\" src=\"https:\/\/consutic.com\/wp-content\/uploads\/2024\/08\/outsourcing_v2-e1723001988407.jpg\" class=\"attachment-full size-full wp-image-2900\" alt=\"\" srcset=\"https:\/\/consutic.com\/wp-content\/uploads\/2024\/08\/outsourcing_v2-e1723001988407.jpg 1669w, https:\/\/consutic.com\/wp-content\/uploads\/2024\/08\/outsourcing_v2-e1723001988407-600x483.jpg 600w, https:\/\/consutic.com\/wp-content\/uploads\/2024\/08\/outsourcing_v2-e1723001988407-64x52.jpg 64w, https:\/\/consutic.com\/wp-content\/uploads\/2024\/08\/outsourcing_v2-e1723001988407-300x242.jpg 300w, https:\/\/consutic.com\/wp-content\/uploads\/2024\/08\/outsourcing_v2-e1723001988407-1024x825.jpg 1024w, https:\/\/consutic.com\/wp-content\/uploads\/2024\/08\/outsourcing_v2-e1723001988407-768x618.jpg 768w, https:\/\/consutic.com\/wp-content\/uploads\/2024\/08\/outsourcing_v2-e1723001988407-1536x1237.jpg 1536w\" sizes=\"(max-width: 1669px) 100vw, 1669px\" \/>\t\t\t\t\t\t\t\t\t\t\t\t\t\t\t<\/div>\n\t\t\t\t<\/div>\n\t\t\t\t<\/div>\n\t\t<div class=\"elementor-element elementor-element-b3ffb76 e-con-full e-flex e-con e-child\" data-id=\"b3ffb76\" data-element_type=\"container\">\n\t\t\t\t<div class=\"elementor-element elementor-element-11f4342 elementor-widget elementor-widget-text-editor\" data-id=\"11f4342\" data-element_type=\"widget\" data-widget_type=\"text-editor.default\">\n\t\t\t\t<div class=\"elementor-widget-container\">\n\t\t\t\t\t\t\t\t\t<h6><span style=\"color: #e94e1a;\">\u00bfQu\u00e9 es?<\/span><\/h6><div><div>El outsourcing es la pr\u00e1ctica de subcontratar funciones o procesos no esenciales a un proveedor externo especializado. Al externalizar tareas como la contabilidad, el servicio al cliente, la administraci\u00f3n de TI o la gesti\u00f3n de recursos humanos, las empresas pueden reducir costos operativos, mejorar la eficiencia y acceder a un mayor nivel de expertise sin tener que invertir en recursos internos adicionales.<\/div><h6><br \/><span style=\"color: #e94e1a;\">Caso de usos comunes:<\/span><\/h6><ul><li><strong>Recursos Humanos:<\/strong> Delegue la gesti\u00f3n de su personal, desde la contrataci\u00f3n hasta la administraci\u00f3n de n\u00f3minas.<\/li><li><strong>Tecnolog\u00edas de la Informaci\u00f3n:<\/strong> Externalice el mantenimiento de sistemas, desarrollo de software y soporte t\u00e9cnico.<\/li><li><strong>Proceso de negocio:<\/strong> Mejore la eficiencia en \u00e1reas como contabilidad, atenci\u00f3n al cliente y log\u00edstica.<\/li><\/ul><\/div>\t\t\t\t\t\t\t\t<\/div>\n\t\t\t\t<\/div>\n\t\t\t\t<\/div>\n\t\t\t\t\t<\/div>\n\t\t\t\t<\/div>\n\t\t\t\t<\/div>\n\t\t","protected":false},"excerpt":{"rendered":"<p>\u00a1Optimiza tu negocio y reduce costos con nuestro servicio de outsourcing! En un entorno empresarial cada vez m\u00e1s competitivo, es [&hellip;]<\/p>\n","protected":false},"author":2,"featured_media":0,"parent":417,"menu_order":0,"comment_status":"closed","ping_status":"closed","template":"","meta":{"site-sidebar-layout":"no-sidebar","site-content-layout":"","ast-site-content-layout":"full-width-container","site-content-style":"default","site-sidebar-style":"default","ast-global-header-display":"","ast-banner-title-visibility":"","ast-main-header-display":"","ast-hfb-above-header-display":"","ast-hfb-below-header-display":"","ast-hfb-mobile-header-display":"","site-post-title":"disabled","ast-breadcrumbs-content":"","ast-featured-img":"disabled","footer-sml-layout":"","theme-transparent-header-meta":"default","adv-header-id-meta":"","stick-header-meta":"","header-above-stick-meta":"","header-main-stick-meta":"","header-below-stick-meta":"","astra-migrate-meta-layouts":"set","ast-page-background-enabled":"default","ast-page-background-meta":{"desktop":{"background-color":"var(--ast-global-color-4)","background-image":"","background-repeat":"repeat","background-position":"center center","background-size":"auto","background-attachment":"scroll","background-type":"","background-media":"","overlay-type":"","overlay-color":"","overlay-opacity":"","overlay-gradient":""},"tablet":{"background-color":"","background-image":"","background-repeat":"repeat","background-position":"center center","background-size":"auto","background-attachment":"scroll","background-type":"","background-media":"","overlay-type":"","overlay-color":"","overlay-opacity":"","overlay-gradient":""},"mobile":{"background-color":"","background-image":"","background-repeat":"repeat","background-position":"center center","background-size":"auto","background-attachment":"scroll","background-type":"","background-media":"","overlay-type":"","overlay-color":"","overlay-opacity":"","overlay-gradient":""}},"ast-content-background-meta":{"desktop":{"background-color":"var(--ast-global-color-5)","background-image":"","background-repeat":"repeat","background-position":"center center","background-size":"auto","background-attachment":"scroll","background-type":"","background-media":"","overlay-type":"","overlay-color":"","overlay-opacity":"","overlay-gradient":""},"tablet":{"background-color":"var(--ast-global-color-5)","background-image":"","background-repeat":"repeat","background-position":"center center","background-size":"auto","background-attachment":"scroll","background-type":"","background-media":"","overlay-type":"","overlay-color":"","overlay-opacity":"","overlay-gradient":""},"mobile":{"background-color":"var(--ast-global-color-5)","background-image":"","background-repeat":"repeat","background-position":"center center","background-size":"auto","background-attachment":"scroll","background-type":"","background-media":"","overlay-type":"","overlay-color":"","overlay-opacity":"","overlay-gradient":""}},"footnotes":""},"class_list":["post-2872","page","type-page","status-publish","hentry"],"yoast_head":"<!-- This site is optimized with the Yoast SEO plugin v25.6 - https:\/\/yoast.com\/wordpress\/plugins\/seo\/ -->\n<title>Servicios de Outsourcing - CONSUTIC<\/title>\n<meta name=\"robots\" content=\"index, follow, max-snippet:-1, max-image-preview:large, max-video-preview:-1\" \/>\n<link rel=\"canonical\" href=\"https:\/\/consutic.com\/?page_id=2872\" \/>\n<meta property=\"og:locale\" content=\"es_ES\" \/>\n<meta property=\"og:type\" content=\"article\" \/>\n<meta property=\"og:title\" content=\"Servicios de Outsourcing - CONSUTIC\" \/>\n<meta property=\"og:description\" content=\"\u00a1Optimiza tu negocio y reduce costos con nuestro servicio de outsourcing! En un entorno empresarial cada vez m\u00e1s competitivo, es [&hellip;]\" \/>\n<meta property=\"og:url\" content=\"https:\/\/consutic.com\/?page_id=2872\" \/>\n<meta property=\"og:site_name\" content=\"CONSUTIC\" \/>\n<meta property=\"article:modified_time\" content=\"2024-08-07T03:55:42+00:00\" \/>\n<meta property=\"og:image\" content=\"http:\/\/consutic.com:8888\/wp-content\/uploads\/2024\/08\/outsourcing_v2-e1723001988407.jpg\" \/>\n<meta name=\"twitter:card\" content=\"summary_large_image\" \/>\n<meta name=\"twitter:label1\" content=\"Est. reading time\" \/>\n\t<meta name=\"twitter:data1\" content=\"2 minutos\" \/>\n<script type=\"application\/ld+json\" class=\"yoast-schema-graph\">{\"@context\":\"https:\/\/schema.org\",\"@graph\":[{\"@type\":\"WebPage\",\"@id\":\"https:\/\/consutic.com\/?page_id=2872\",\"url\":\"https:\/\/consutic.com\/?page_id=2872\",\"name\":\"Servicios de Outsourcing - CONSUTIC\",\"isPartOf\":{\"@id\":\"https:\/\/consutic.com\/#website\"},\"primaryImageOfPage\":{\"@id\":\"https:\/\/consutic.com\/?page_id=2872#primaryimage\"},\"image\":{\"@id\":\"https:\/\/consutic.com\/?page_id=2872#primaryimage\"},\"thumbnailUrl\":\"http:\/\/consutic.com:8888\/wp-content\/uploads\/2024\/08\/outsourcing_v2-e1723001988407.jpg\",\"datePublished\":\"2024-08-07T00:07:04+00:00\",\"dateModified\":\"2024-08-07T03:55:42+00:00\",\"breadcrumb\":{\"@id\":\"https:\/\/consutic.com\/?page_id=2872#breadcrumb\"},\"inLanguage\":\"es\",\"potentialAction\":[{\"@type\":\"ReadAction\",\"target\":[\"https:\/\/consutic.com\/?page_id=2872\"]}]},{\"@type\":\"ImageObject\",\"inLanguage\":\"es\",\"@id\":\"https:\/\/consutic.com\/?page_id=2872#primaryimage\",\"url\":\"https:\/\/consutic.com\/wp-content\/uploads\/2024\/08\/outsourcing_v2-e1723001988407.jpg\",\"contentUrl\":\"https:\/\/consutic.com\/wp-content\/uploads\/2024\/08\/outsourcing_v2-e1723001988407.jpg\",\"width\":1669,\"height\":1344},{\"@type\":\"BreadcrumbList\",\"@id\":\"https:\/\/consutic.com\/?page_id=2872#breadcrumb\",\"itemListElement\":[{\"@type\":\"ListItem\",\"position\":1,\"name\":\"Portada\",\"item\":\"https:\/\/consutic.com\/\"},{\"@type\":\"ListItem\",\"position\":2,\"name\":\"Soluciones\",\"item\":\"https:\/\/consutic.com\/?page_id=417\"},{\"@type\":\"ListItem\",\"position\":3,\"name\":\"Servicios de Outsourcing\"}]},{\"@type\":\"WebSite\",\"@id\":\"https:\/\/consutic.com\/#website\",\"url\":\"https:\/\/consutic.com\/\",\"name\":\"CONSUTIC\",\"description\":\"Innovando servicios y soluciones para su empresa\",\"publisher\":{\"@id\":\"https:\/\/consutic.com\/#organization\"},\"potentialAction\":[{\"@type\":\"SearchAction\",\"target\":{\"@type\":\"EntryPoint\",\"urlTemplate\":\"https:\/\/consutic.com\/?s={search_term_string}\"},\"query-input\":{\"@type\":\"PropertyValueSpecification\",\"valueRequired\":true,\"valueName\":\"search_term_string\"}}],\"inLanguage\":\"es\"},{\"@type\":\"Organization\",\"@id\":\"https:\/\/consutic.com\/#organization\",\"name\":\"CONSUTIC\",\"url\":\"https:\/\/consutic.com\/\",\"logo\":{\"@type\":\"ImageObject\",\"inLanguage\":\"es\",\"@id\":\"https:\/\/consutic.com\/#\/schema\/logo\/image\/\",\"url\":\"https:\/\/consutic.com\/wp-content\/uploads\/2024\/06\/logo-horizontal.png\",\"contentUrl\":\"https:\/\/consutic.com\/wp-content\/uploads\/2024\/06\/logo-horizontal.png\",\"width\":1182,\"height\":289,\"caption\":\"CONSUTIC\"},\"image\":{\"@id\":\"https:\/\/consutic.com\/#\/schema\/logo\/image\/\"}}]}<\/script>\n<!-- \/ Yoast SEO plugin. -->","yoast_head_json":{"title":"Servicios de Outsourcing - CONSUTIC","robots":{"index":"index","follow":"follow","max-snippet":"max-snippet:-1","max-image-preview":"max-image-preview:large","max-video-preview":"max-video-preview:-1"},"canonical":"https:\/\/consutic.com\/?page_id=2872","og_locale":"es_ES","og_type":"article","og_title":"Servicios de Outsourcing - CONSUTIC","og_description":"\u00a1Optimiza tu negocio y reduce costos con nuestro servicio de outsourcing! En un entorno empresarial cada vez m\u00e1s competitivo, es [&hellip;]","og_url":"https:\/\/consutic.com\/?page_id=2872","og_site_name":"CONSUTIC","article_modified_time":"2024-08-07T03:55:42+00:00","og_image":[{"url":"http:\/\/consutic.com:8888\/wp-content\/uploads\/2024\/08\/outsourcing_v2-e1723001988407.jpg","type":"","width":"","height":""}],"twitter_card":"summary_large_image","twitter_misc":{"Est. reading time":"2 minutos"},"schema":{"@context":"https:\/\/schema.org","@graph":[{"@type":"WebPage","@id":"https:\/\/consutic.com\/?page_id=2872","url":"https:\/\/consutic.com\/?page_id=2872","name":"Servicios de Outsourcing - CONSUTIC","isPartOf":{"@id":"https:\/\/consutic.com\/#website"},"primaryImageOfPage":{"@id":"https:\/\/consutic.com\/?page_id=2872#primaryimage"},"image":{"@id":"https:\/\/consutic.com\/?page_id=2872#primaryimage"},"thumbnailUrl":"http:\/\/consutic.com:8888\/wp-content\/uploads\/2024\/08\/outsourcing_v2-e1723001988407.jpg","datePublished":"2024-08-07T00:07:04+00:00","dateModified":"2024-08-07T03:55:42+00:00","breadcrumb":{"@id":"https:\/\/consutic.com\/?page_id=2872#breadcrumb"},"inLanguage":"es","potentialAction":[{"@type":"ReadAction","target":["https:\/\/consutic.com\/?page_id=2872"]}]},{"@type":"ImageObject","inLanguage":"es","@id":"https:\/\/consutic.com\/?page_id=2872#primaryimage","url":"https:\/\/consutic.com\/wp-content\/uploads\/2024\/08\/outsourcing_v2-e1723001988407.jpg","contentUrl":"https:\/\/consutic.com\/wp-content\/uploads\/2024\/08\/outsourcing_v2-e1723001988407.jpg","width":1669,"height":1344},{"@type":"BreadcrumbList","@id":"https:\/\/consutic.com\/?page_id=2872#breadcrumb","itemListElement":[{"@type":"ListItem","position":1,"name":"Portada","item":"https:\/\/consutic.com\/"},{"@type":"ListItem","position":2,"name":"Soluciones","item":"https:\/\/consutic.com\/?page_id=417"},{"@type":"ListItem","position":3,"name":"Servicios de Outsourcing"}]},{"@type":"WebSite","@id":"https:\/\/consutic.com\/#website","url":"https:\/\/consutic.com\/","name":"CONSUTIC","description":"Innovando servicios y soluciones para su empresa","publisher":{"@id":"https:\/\/consutic.com\/#organization"},"potentialAction":[{"@type":"SearchAction","target":{"@type":"EntryPoint","urlTemplate":"https:\/\/consutic.com\/?s={search_term_string}"},"query-input":{"@type":"PropertyValueSpecification","valueRequired":true,"valueName":"search_term_string"}}],"inLanguage":"es"},{"@type":"Organization","@id":"https:\/\/consutic.com\/#organization","name":"CONSUTIC","url":"https:\/\/consutic.com\/","logo":{"@type":"ImageObject","inLanguage":"es","@id":"https:\/\/consutic.com\/#\/schema\/logo\/image\/","url":"https:\/\/consutic.com\/wp-content\/uploads\/2024\/06\/logo-horizontal.png","contentUrl":"https:\/\/consutic.com\/wp-content\/uploads\/2024\/06\/logo-horizontal.png","width":1182,"height":289,"caption":"CONSUTIC"},"image":{"@id":"https:\/\/consutic.com\/#\/schema\/logo\/image\/"}}]}},"_links":{"self":[{"href":"https:\/\/consutic.com\/index.php?rest_route=\/wp\/v2\/pages\/2872","targetHints":{"allow":["GET"]}}],"collection":[{"href":"https:\/\/consutic.com\/index.php?rest_route=\/wp\/v2\/pages"}],"about":[{"href":"https:\/\/consutic.com\/index.php?rest_route=\/wp\/v2\/types\/page"}],"author":[{"embeddable":true,"href":"https:\/\/consutic.com\/index.php?rest_route=\/wp\/v2\/users\/2"}],"replies":[{"embeddable":true,"href":"https:\/\/consutic.com\/index.php?rest_route=%2Fwp%2Fv2%2Fcomments&post=2872"}],"version-history":[{"count":46,"href":"https:\/\/consutic.com\/index.php?rest_route=\/wp\/v2\/pages\/2872\/revisions"}],"predecessor-version":[{"id":2921,"href":"https:\/\/consutic.com\/index.php?rest_route=\/wp\/v2\/pages\/2872\/revisions\/2921"}],"up":[{"embeddable":true,"href":"https:\/\/consutic.com\/index.php?rest_route=\/wp\/v2\/pages\/417"}],"wp:attachment":[{"href":"https:\/\/consutic.com\/index.php?rest_route=%2Fwp%2Fv2%2Fmedia&parent=2872"}],"curies":[{"name":"wp","href":"https:\/\/api.w.org\/{rel}","templated":true}]}}