{"id":2790,"date":"2024-08-06T18:02:55","date_gmt":"2024-08-06T23:02:55","guid":{"rendered":"http:\/\/consutic.com:8888\/?page_id=2790"},"modified":"2024-08-06T18:22:06","modified_gmt":"2024-08-06T23:22:06","slug":"infraestructura-seguridad-informatica","status":"publish","type":"page","link":"https:\/\/consutic.com\/?page_id=2790","title":{"rendered":"Infraestructura Seguridad Inform\u00e1tica"},"content":{"rendered":"\t\t<div data-elementor-type=\"wp-page\" data-elementor-id=\"2790\" class=\"elementor elementor-2790\" data-elementor-post-type=\"page\">\n\t\t\t\t<div class=\"elementor-element elementor-element-31b9974 e-con-full e-flex e-con e-parent\" data-id=\"31b9974\" data-element_type=\"container\">\n\t\t<div class=\"elementor-element elementor-element-7f7ba07 e-con-full e-flex e-con e-child\" data-id=\"7f7ba07\" data-element_type=\"container\">\n\t\t<div class=\"elementor-element elementor-element-969e35b e-con-full e-flex e-con e-child\" data-id=\"969e35b\" data-element_type=\"container\">\n\t\t\t\t<div class=\"elementor-element elementor-element-e49cd21 elementor-widget elementor-widget-text-editor\" data-id=\"e49cd21\" data-element_type=\"widget\" data-widget_type=\"text-editor.default\">\n\t\t\t\t<div class=\"elementor-widget-container\">\n\t\t\t\t\t\t\t\t\t\t\t<div data-elementor-type=\"wp-post\" data-elementor-id=\"2746\" class=\"elementor elementor-2746\" data-elementor-post-type=\"elementor-hf\">\n\t\t\t\t\t\t<section class=\"elementor-section elementor-top-section elementor-element elementor-element-7f2f9527 elementor-section-full_width elementor-section-height-min-height elementor-section-stretched ops-section page-title-head elementor-section-items-bottom elementor-section-height-default\" data-id=\"7f2f9527\" data-element_type=\"section\" data-settings=\"{&quot;stretch_section&quot;:&quot;section-stretched&quot;,&quot;background_background&quot;:&quot;classic&quot;,&quot;shape_divider_top&quot;:&quot;mountains&quot;,&quot;ekit_has_onepagescroll&quot;:&quot;section&quot;}\">\n\t\t\t\t\t<div class=\"elementor-shape elementor-shape-top\" aria-hidden=\"true\" data-negative=\"false\">\n\t\t\t<svg xmlns=\"http:\/\/www.w3.org\/2000\/svg\" viewBox=\"0 0 1000 100\" preserveAspectRatio=\"none\">\n\t<path class=\"elementor-shape-fill\" opacity=\"0.33\" d=\"M473,67.3c-203.9,88.3-263.1-34-320.3,0C66,119.1,0,59.7,0,59.7V0h1000v59.7 c0,0-62.1,26.1-94.9,29.3c-32.8,3.3-62.8-12.3-75.8-22.1C806,49.6,745.3,8.7,694.9,4.7S492.4,59,473,67.3z\"\/>\n\t<path class=\"elementor-shape-fill\" opacity=\"0.66\" d=\"M734,67.3c-45.5,0-77.2-23.2-129.1-39.1c-28.6-8.7-150.3-10.1-254,39.1 s-91.7-34.4-149.2,0C115.7,118.3,0,39.8,0,39.8V0h1000v36.5c0,0-28.2-18.5-92.1-18.5C810.2,18.1,775.7,67.3,734,67.3z\"\/>\n\t<path class=\"elementor-shape-fill\" d=\"M766.1,28.9c-200-57.5-266,65.5-395.1,19.5C242,1.8,242,5.4,184.8,20.6C128,35.8,132.3,44.9,89.9,52.5C28.6,63.7,0,0,0,0 h1000c0,0-9.9,40.9-83.6,48.1S829.6,47,766.1,28.9z\"\/>\n<\/svg>\t\t<\/div>\n\t\t\t\t\t<div class=\"elementor-container elementor-column-gap-no\">\n\t\t\t\t\t<div class=\"elementor-column elementor-col-100 elementor-top-column elementor-element elementor-element-62fda071\" data-id=\"62fda071\" data-element_type=\"column\">\n\t\t\t<div class=\"elementor-widget-wrap\">\n\t\t\t\t\t\t\t<\/div>\n\t\t<\/div>\n\t\t\t\t\t<\/div>\n\t\t<\/section>\n\t\t\t\t<\/div>\n\t\t\t\t\t\t\t\t\t\t<\/div>\n\t\t\t\t<\/div>\n\t\t\t\t<\/div>\n\t\t\t\t<\/div>\n\t\t\t\t<\/div>\n\t\t<div class=\"elementor-element elementor-element-01eba6f e-flex e-con-boxed e-con e-parent\" data-id=\"01eba6f\" data-element_type=\"container\">\n\t\t\t\t\t<div class=\"e-con-inner\">\n\t\t<div class=\"elementor-element elementor-element-e196b5a e-con-full e-flex e-con e-child\" data-id=\"e196b5a\" data-element_type=\"container\">\n\t\t\t\t<div class=\"elementor-element elementor-element-8ff5ccd elementor-widget elementor-widget-image\" data-id=\"8ff5ccd\" data-element_type=\"widget\" data-widget_type=\"image.default\">\n\t\t\t\t<div class=\"elementor-widget-container\">\n\t\t\t\t\t\t\t\t\t\t\t\t\t\t\t<img fetchpriority=\"high\" decoding=\"async\" width=\"1448\" height=\"1664\" src=\"https:\/\/consutic.com\/wp-content\/uploads\/2024\/08\/Seguridad-informatica.jpg\" class=\"attachment-full size-full wp-image-2803\" alt=\"\" srcset=\"https:\/\/consutic.com\/wp-content\/uploads\/2024\/08\/Seguridad-informatica.jpg 1448w, https:\/\/consutic.com\/wp-content\/uploads\/2024\/08\/Seguridad-informatica-600x690.jpg 600w, https:\/\/consutic.com\/wp-content\/uploads\/2024\/08\/Seguridad-informatica-64x74.jpg 64w, https:\/\/consutic.com\/wp-content\/uploads\/2024\/08\/Seguridad-informatica-261x300.jpg 261w, https:\/\/consutic.com\/wp-content\/uploads\/2024\/08\/Seguridad-informatica-891x1024.jpg 891w, https:\/\/consutic.com\/wp-content\/uploads\/2024\/08\/Seguridad-informatica-768x883.jpg 768w, https:\/\/consutic.com\/wp-content\/uploads\/2024\/08\/Seguridad-informatica-1337x1536.jpg 1337w\" sizes=\"(max-width: 1448px) 100vw, 1448px\" \/>\t\t\t\t\t\t\t\t\t\t\t\t\t\t\t<\/div>\n\t\t\t\t<\/div>\n\t\t\t\t<\/div>\n\t\t<div class=\"elementor-element elementor-element-12b462f e-con-full e-flex e-con e-child\" data-id=\"12b462f\" data-element_type=\"container\">\n\t\t\t\t<div class=\"elementor-element elementor-element-2262cf7 elementor-widget elementor-widget-elementskit-heading\" data-id=\"2262cf7\" data-element_type=\"widget\" data-widget_type=\"elementskit-heading.default\">\n\t\t\t\t<div class=\"elementor-widget-container\">\n\t\t\t\t\t<div class=\"ekit-wid-con\" ><div class=\"ekit-heading elementskit-section-title-wraper text_left   ekit_heading_tablet-   ekit_heading_mobile-\"><h3 class=\"ekit-heading--title elementskit-section-title \">Infraestructura Seguridad Inform\u00e1tica<\/h3><\/div><\/div>\t\t\t\t<\/div>\n\t\t\t\t<\/div>\n\t\t\t\t<div class=\"elementor-element elementor-element-06bb966 elementor-widget elementor-widget-text-editor\" data-id=\"06bb966\" data-element_type=\"widget\" data-widget_type=\"text-editor.default\">\n\t\t\t\t<div class=\"elementor-widget-container\">\n\t\t\t\t\t\t\t\t\t<h6><strong><span style=\"color: #e94e1a;\">Concepto:<\/span><\/strong><\/h6><div><div>En el mundo digital actual, la seguridad inform\u00e1tica es mas importante que nunca. Con el aumento de las amenazas cibern\u00e9ticas, desde malware hasta ataques de phishing, es crucial contar con una soluci\u00f3n de seguridad robusta para proteger tus activos mas cr\u00edticos. En nuestra empresa, ofrecemos una soluci\u00f3n integral que garantiza la protecci\u00f3n de tus sistemas y datos contra las amenazas m\u00e1s avanzadas.<br \/><br \/><\/div><\/div><h6><b style=\"color: #e94e1a;\">Beneficios:<br \/><\/b><\/h6><div><ul><li>Defensa multicapa contra amenazas<\/li><li>Protecci\u00f3n proactiva contra malware y virus<\/li><li>Gesti\u00f3n de identidad y acceso seguro<\/li><li>Cumplimiento normativo y protecci\u00f3n de datos<\/li><li>Soporte t\u00e9cnico especializado<\/li><\/ul><\/div>\t\t\t\t\t\t\t\t<\/div>\n\t\t\t\t<\/div>\n\t\t\t\t<\/div>\n\t\t\t\t\t<\/div>\n\t\t\t\t<\/div>\n\t\t\t\t<section class=\"elementor-section elementor-top-section elementor-element elementor-element-3d449479 elementor-section-boxed elementor-section-height-default elementor-section-height-default\" data-id=\"3d449479\" data-element_type=\"section\">\n\t\t\t\t\t\t<div class=\"elementor-container elementor-column-gap-default\">\n\t\t\t\t\t<div class=\"elementor-column elementor-col-100 elementor-top-column elementor-element elementor-element-70266d15\" data-id=\"70266d15\" data-element_type=\"column\">\n\t\t\t<div class=\"elementor-widget-wrap elementor-element-populated\">\n\t\t\t\t\t\t<div class=\"elementor-element elementor-element-54907bc3 elementor-widget elementor-widget-elementskit-heading\" data-id=\"54907bc3\" data-element_type=\"widget\" data-widget_type=\"elementskit-heading.default\">\n\t\t\t\t<div class=\"elementor-widget-container\">\n\t\t\t\t\t<div class=\"ekit-wid-con\" ><div class=\"ekit-heading elementskit-section-title-wraper text_center   ekit_heading_tablet-   ekit_heading_mobile-\"><h3 class=\"ekit-heading--title elementskit-section-title \">Compartir con:<\/h3><\/div><\/div>\t\t\t\t<\/div>\n\t\t\t\t<\/div>\n\t\t\t\t<section class=\"elementor-section elementor-inner-section elementor-element elementor-element-c582e34 elementor-section-boxed elementor-section-height-default elementor-section-height-default\" data-id=\"c582e34\" data-element_type=\"section\">\n\t\t\t\t\t\t<div class=\"elementor-container elementor-column-gap-default\">\n\t\t\t\t\t<div class=\"elementor-column elementor-col-100 elementor-inner-column elementor-element elementor-element-50836abe\" data-id=\"50836abe\" data-element_type=\"column\">\n\t\t\t<div class=\"elementor-widget-wrap elementor-element-populated\">\n\t\t\t\t\t\t<div class=\"elementor-element elementor-element-60351827 elementor-widget elementor-widget-elementskit-social-share\" data-id=\"60351827\" data-element_type=\"widget\" data-widget_type=\"elementskit-social-share.default\">\n\t\t\t\t<div class=\"elementor-widget-container\">\n\t\t\t\t\t<div class=\"ekit-wid-con\" >\t\t<ul class=\"ekit_socialshare\">\n                            <li class=\"elementor-repeater-item-dd1e23e\" data-social=\"facebook\">\n                    <div class=\"facebook\">\n                        \n                        <svg aria-hidden=\"true\" class=\"e-font-icon-svg e-fab-facebook-f\" viewBox=\"0 0 320 512\" xmlns=\"http:\/\/www.w3.org\/2000\/svg\"><path d=\"M279.14 288l14.22-92.66h-88.91v-60.13c0-25.35 12.42-50.06 52.24-50.06h40.42V6.26S260.43 0 225.36 0c-73.22 0-121.08 44.38-121.08 124.72v70.62H22.89V288h81.39v224h100.17V288z\"><\/path><\/svg>                        \n                                                                                            <\/div>\n                <\/li>\n                                            <li class=\"elementor-repeater-item-daaa464\" data-social=\"twitter\">\n                    <div class=\"twitter\">\n                        \n                        <svg aria-hidden=\"true\" class=\"e-font-icon-svg e-fab-x-twitter\" viewBox=\"0 0 512 512\" xmlns=\"http:\/\/www.w3.org\/2000\/svg\"><path d=\"M389.2 48h70.6L305.6 224.2 487 464H345L233.7 318.6 106.5 464H35.8L200.7 275.5 26.8 48H172.4L272.9 180.9 389.2 48zM364.4 421.8h39.1L151.1 88h-42L364.4 421.8z\"><\/path><\/svg>                        \n                                                                                            <\/div>\n                <\/li>\n                                            <li class=\"elementor-repeater-item-0b402a1\" data-social=\"linkedin\">\n                    <div class=\"linkedin\">\n                        \n                        <svg aria-hidden=\"true\" class=\"e-font-icon-svg e-fab-linkedin-in\" viewBox=\"0 0 448 512\" xmlns=\"http:\/\/www.w3.org\/2000\/svg\"><path d=\"M100.28 448H7.4V148.9h92.88zM53.79 108.1C24.09 108.1 0 83.5 0 53.8a53.79 53.79 0 0 1 107.58 0c0 29.7-24.1 54.3-53.79 54.3zM447.9 448h-92.68V302.4c0-34.7-.7-79.2-48.29-79.2-48.29 0-55.69 37.7-55.69 76.7V448h-92.78V148.9h89.08v40.8h1.3c12.4-23.5 42.69-48.3 87.88-48.3 94 0 111.28 61.9 111.28 142.3V448z\"><\/path><\/svg>                        \n                                                                                            <\/div>\n                <\/li>\n                                            <li class=\"elementor-repeater-item-df30481\" data-social=\"whatsapp\">\n                    <div class=\"whatsapp\">\n                        \n                        <svg aria-hidden=\"true\" class=\"e-font-icon-svg e-fab-whatsapp\" viewBox=\"0 0 448 512\" xmlns=\"http:\/\/www.w3.org\/2000\/svg\"><path d=\"M380.9 97.1C339 55.1 283.2 32 223.9 32c-122.4 0-222 99.6-222 222 0 39.1 10.2 77.3 29.6 111L0 480l117.7-30.9c32.4 17.7 68.9 27 106.1 27h.1c122.3 0 224.1-99.6 224.1-222 0-59.3-25.2-115-67.1-157zm-157 341.6c-33.2 0-65.7-8.9-94-25.7l-6.7-4-69.8 18.3L72 359.2l-4.4-7c-18.5-29.4-28.2-63.3-28.2-98.2 0-101.7 82.8-184.5 184.6-184.5 49.3 0 95.6 19.2 130.4 54.1 34.8 34.9 56.2 81.2 56.1 130.5 0 101.8-84.9 184.6-186.6 184.6zm101.2-138.2c-5.5-2.8-32.8-16.2-37.9-18-5.1-1.9-8.8-2.8-12.5 2.8-3.7 5.6-14.3 18-17.6 21.8-3.2 3.7-6.5 4.2-12 1.4-32.6-16.3-54-29.1-75.5-66-5.7-9.8 5.7-9.1 16.3-30.3 1.8-3.7.9-6.9-.5-9.7-1.4-2.8-12.5-30.1-17.1-41.2-4.5-10.8-9.1-9.3-12.5-9.5-3.2-.2-6.9-.2-10.6-.2-3.7 0-9.7 1.4-14.8 6.9-5.1 5.6-19.4 19-19.4 46.3 0 27.3 19.9 53.7 22.6 57.4 2.8 3.7 39.1 59.7 94.8 83.8 35.2 15.2 49 16.5 66.6 13.9 10.7-1.6 32.8-13.4 37.4-26.4 4.6-13 4.6-24.1 3.2-26.4-1.3-2.5-5-3.9-10.5-6.6z\"><\/path><\/svg>                        \n                                                                                            <\/div>\n                <\/li>\n                                    <\/ul>\n        <\/div>\t\t\t\t<\/div>\n\t\t\t\t<\/div>\n\t\t\t\t\t<\/div>\n\t\t<\/div>\n\t\t\t\t\t<\/div>\n\t\t<\/section>\n\t\t\t\t\t<\/div>\n\t\t<\/div>\n\t\t\t\t\t<\/div>\n\t\t<\/section>\n\t\t\t\t<\/div>\n\t\t","protected":false},"excerpt":{"rendered":"<p>Infraestructura Seguridad Inform\u00e1tica Concepto: En el mundo digital actual, la seguridad inform\u00e1tica es mas importante que nunca. Con el aumento [&hellip;]<\/p>\n","protected":false},"author":2,"featured_media":0,"parent":2584,"menu_order":0,"comment_status":"closed","ping_status":"closed","template":"","meta":{"site-sidebar-layout":"no-sidebar","site-content-layout":"","ast-site-content-layout":"full-width-container","site-content-style":"default","site-sidebar-style":"default","ast-global-header-display":"","ast-banner-title-visibility":"","ast-main-header-display":"","ast-hfb-above-header-display":"","ast-hfb-below-header-display":"","ast-hfb-mobile-header-display":"","site-post-title":"disabled","ast-breadcrumbs-content":"","ast-featured-img":"disabled","footer-sml-layout":"","theme-transparent-header-meta":"default","adv-header-id-meta":"","stick-header-meta":"","header-above-stick-meta":"","header-main-stick-meta":"","header-below-stick-meta":"","astra-migrate-meta-layouts":"set","ast-page-background-enabled":"default","ast-page-background-meta":{"desktop":{"background-color":"var(--ast-global-color-4)","background-image":"","background-repeat":"repeat","background-position":"center center","background-size":"auto","background-attachment":"scroll","background-type":"","background-media":"","overlay-type":"","overlay-color":"","overlay-opacity":"","overlay-gradient":""},"tablet":{"background-color":"","background-image":"","background-repeat":"repeat","background-position":"center center","background-size":"auto","background-attachment":"scroll","background-type":"","background-media":"","overlay-type":"","overlay-color":"","overlay-opacity":"","overlay-gradient":""},"mobile":{"background-color":"","background-image":"","background-repeat":"repeat","background-position":"center center","background-size":"auto","background-attachment":"scroll","background-type":"","background-media":"","overlay-type":"","overlay-color":"","overlay-opacity":"","overlay-gradient":""}},"ast-content-background-meta":{"desktop":{"background-color":"var(--ast-global-color-5)","background-image":"","background-repeat":"repeat","background-position":"center center","background-size":"auto","background-attachment":"scroll","background-type":"","background-media":"","overlay-type":"","overlay-color":"","overlay-opacity":"","overlay-gradient":""},"tablet":{"background-color":"var(--ast-global-color-5)","background-image":"","background-repeat":"repeat","background-position":"center center","background-size":"auto","background-attachment":"scroll","background-type":"","background-media":"","overlay-type":"","overlay-color":"","overlay-opacity":"","overlay-gradient":""},"mobile":{"background-color":"var(--ast-global-color-5)","background-image":"","background-repeat":"repeat","background-position":"center center","background-size":"auto","background-attachment":"scroll","background-type":"","background-media":"","overlay-type":"","overlay-color":"","overlay-opacity":"","overlay-gradient":""}},"footnotes":""},"class_list":["post-2790","page","type-page","status-publish","hentry"],"yoast_head":"<!-- This site is optimized with the Yoast SEO plugin v25.6 - https:\/\/yoast.com\/wordpress\/plugins\/seo\/ -->\n<title>Infraestructura Seguridad Inform\u00e1tica - CONSUTIC<\/title>\n<meta name=\"robots\" content=\"index, follow, max-snippet:-1, max-image-preview:large, max-video-preview:-1\" \/>\n<link rel=\"canonical\" href=\"https:\/\/consutic.com\/?page_id=2790\" \/>\n<meta property=\"og:locale\" content=\"es_ES\" \/>\n<meta property=\"og:type\" content=\"article\" \/>\n<meta property=\"og:title\" content=\"Infraestructura Seguridad Inform\u00e1tica - CONSUTIC\" \/>\n<meta property=\"og:description\" content=\"Infraestructura Seguridad Inform\u00e1tica Concepto: En el mundo digital actual, la seguridad inform\u00e1tica es mas importante que nunca. Con el aumento [&hellip;]\" \/>\n<meta property=\"og:url\" content=\"https:\/\/consutic.com\/?page_id=2790\" \/>\n<meta property=\"og:site_name\" content=\"CONSUTIC\" \/>\n<meta property=\"article:modified_time\" content=\"2024-08-06T23:22:06+00:00\" \/>\n<meta property=\"og:image\" content=\"http:\/\/consutic.com:8888\/wp-content\/uploads\/2024\/08\/Seguridad-informatica.jpg\" \/>\n<meta name=\"twitter:card\" content=\"summary_large_image\" \/>\n<meta name=\"twitter:label1\" content=\"Est. reading time\" \/>\n\t<meta name=\"twitter:data1\" content=\"1 minuto\" \/>\n<script type=\"application\/ld+json\" class=\"yoast-schema-graph\">{\"@context\":\"https:\/\/schema.org\",\"@graph\":[{\"@type\":\"WebPage\",\"@id\":\"https:\/\/consutic.com\/?page_id=2790\",\"url\":\"https:\/\/consutic.com\/?page_id=2790\",\"name\":\"Infraestructura Seguridad Inform\u00e1tica - CONSUTIC\",\"isPartOf\":{\"@id\":\"https:\/\/consutic.com\/#website\"},\"primaryImageOfPage\":{\"@id\":\"https:\/\/consutic.com\/?page_id=2790#primaryimage\"},\"image\":{\"@id\":\"https:\/\/consutic.com\/?page_id=2790#primaryimage\"},\"thumbnailUrl\":\"http:\/\/consutic.com:8888\/wp-content\/uploads\/2024\/08\/Seguridad-informatica.jpg\",\"datePublished\":\"2024-08-06T23:02:55+00:00\",\"dateModified\":\"2024-08-06T23:22:06+00:00\",\"breadcrumb\":{\"@id\":\"https:\/\/consutic.com\/?page_id=2790#breadcrumb\"},\"inLanguage\":\"es\",\"potentialAction\":[{\"@type\":\"ReadAction\",\"target\":[\"https:\/\/consutic.com\/?page_id=2790\"]}]},{\"@type\":\"ImageObject\",\"inLanguage\":\"es\",\"@id\":\"https:\/\/consutic.com\/?page_id=2790#primaryimage\",\"url\":\"https:\/\/consutic.com\/wp-content\/uploads\/2024\/08\/Seguridad-informatica.jpg\",\"contentUrl\":\"https:\/\/consutic.com\/wp-content\/uploads\/2024\/08\/Seguridad-informatica.jpg\",\"width\":1448,\"height\":1664},{\"@type\":\"BreadcrumbList\",\"@id\":\"https:\/\/consutic.com\/?page_id=2790#breadcrumb\",\"itemListElement\":[{\"@type\":\"ListItem\",\"position\":1,\"name\":\"Portada\",\"item\":\"https:\/\/consutic.com\/\"},{\"@type\":\"ListItem\",\"position\":2,\"name\":\"Soluciones\",\"item\":\"https:\/\/consutic.com\/?page_id=417\"},{\"@type\":\"ListItem\",\"position\":3,\"name\":\"Infraestructura de TIC\",\"item\":\"https:\/\/consutic.com\/?page_id=2584\"},{\"@type\":\"ListItem\",\"position\":4,\"name\":\"Infraestructura Seguridad Inform\u00e1tica\"}]},{\"@type\":\"WebSite\",\"@id\":\"https:\/\/consutic.com\/#website\",\"url\":\"https:\/\/consutic.com\/\",\"name\":\"CONSUTIC\",\"description\":\"Innovando servicios y soluciones para su empresa\",\"publisher\":{\"@id\":\"https:\/\/consutic.com\/#organization\"},\"potentialAction\":[{\"@type\":\"SearchAction\",\"target\":{\"@type\":\"EntryPoint\",\"urlTemplate\":\"https:\/\/consutic.com\/?s={search_term_string}\"},\"query-input\":{\"@type\":\"PropertyValueSpecification\",\"valueRequired\":true,\"valueName\":\"search_term_string\"}}],\"inLanguage\":\"es\"},{\"@type\":\"Organization\",\"@id\":\"https:\/\/consutic.com\/#organization\",\"name\":\"CONSUTIC\",\"url\":\"https:\/\/consutic.com\/\",\"logo\":{\"@type\":\"ImageObject\",\"inLanguage\":\"es\",\"@id\":\"https:\/\/consutic.com\/#\/schema\/logo\/image\/\",\"url\":\"https:\/\/consutic.com\/wp-content\/uploads\/2024\/06\/logo-horizontal.png\",\"contentUrl\":\"https:\/\/consutic.com\/wp-content\/uploads\/2024\/06\/logo-horizontal.png\",\"width\":1182,\"height\":289,\"caption\":\"CONSUTIC\"},\"image\":{\"@id\":\"https:\/\/consutic.com\/#\/schema\/logo\/image\/\"}}]}<\/script>\n<!-- \/ Yoast SEO plugin. -->","yoast_head_json":{"title":"Infraestructura Seguridad Inform\u00e1tica - CONSUTIC","robots":{"index":"index","follow":"follow","max-snippet":"max-snippet:-1","max-image-preview":"max-image-preview:large","max-video-preview":"max-video-preview:-1"},"canonical":"https:\/\/consutic.com\/?page_id=2790","og_locale":"es_ES","og_type":"article","og_title":"Infraestructura Seguridad Inform\u00e1tica - CONSUTIC","og_description":"Infraestructura Seguridad Inform\u00e1tica Concepto: En el mundo digital actual, la seguridad inform\u00e1tica es mas importante que nunca. Con el aumento [&hellip;]","og_url":"https:\/\/consutic.com\/?page_id=2790","og_site_name":"CONSUTIC","article_modified_time":"2024-08-06T23:22:06+00:00","og_image":[{"url":"http:\/\/consutic.com:8888\/wp-content\/uploads\/2024\/08\/Seguridad-informatica.jpg","type":"","width":"","height":""}],"twitter_card":"summary_large_image","twitter_misc":{"Est. reading time":"1 minuto"},"schema":{"@context":"https:\/\/schema.org","@graph":[{"@type":"WebPage","@id":"https:\/\/consutic.com\/?page_id=2790","url":"https:\/\/consutic.com\/?page_id=2790","name":"Infraestructura Seguridad Inform\u00e1tica - CONSUTIC","isPartOf":{"@id":"https:\/\/consutic.com\/#website"},"primaryImageOfPage":{"@id":"https:\/\/consutic.com\/?page_id=2790#primaryimage"},"image":{"@id":"https:\/\/consutic.com\/?page_id=2790#primaryimage"},"thumbnailUrl":"http:\/\/consutic.com:8888\/wp-content\/uploads\/2024\/08\/Seguridad-informatica.jpg","datePublished":"2024-08-06T23:02:55+00:00","dateModified":"2024-08-06T23:22:06+00:00","breadcrumb":{"@id":"https:\/\/consutic.com\/?page_id=2790#breadcrumb"},"inLanguage":"es","potentialAction":[{"@type":"ReadAction","target":["https:\/\/consutic.com\/?page_id=2790"]}]},{"@type":"ImageObject","inLanguage":"es","@id":"https:\/\/consutic.com\/?page_id=2790#primaryimage","url":"https:\/\/consutic.com\/wp-content\/uploads\/2024\/08\/Seguridad-informatica.jpg","contentUrl":"https:\/\/consutic.com\/wp-content\/uploads\/2024\/08\/Seguridad-informatica.jpg","width":1448,"height":1664},{"@type":"BreadcrumbList","@id":"https:\/\/consutic.com\/?page_id=2790#breadcrumb","itemListElement":[{"@type":"ListItem","position":1,"name":"Portada","item":"https:\/\/consutic.com\/"},{"@type":"ListItem","position":2,"name":"Soluciones","item":"https:\/\/consutic.com\/?page_id=417"},{"@type":"ListItem","position":3,"name":"Infraestructura de TIC","item":"https:\/\/consutic.com\/?page_id=2584"},{"@type":"ListItem","position":4,"name":"Infraestructura Seguridad Inform\u00e1tica"}]},{"@type":"WebSite","@id":"https:\/\/consutic.com\/#website","url":"https:\/\/consutic.com\/","name":"CONSUTIC","description":"Innovando servicios y soluciones para su empresa","publisher":{"@id":"https:\/\/consutic.com\/#organization"},"potentialAction":[{"@type":"SearchAction","target":{"@type":"EntryPoint","urlTemplate":"https:\/\/consutic.com\/?s={search_term_string}"},"query-input":{"@type":"PropertyValueSpecification","valueRequired":true,"valueName":"search_term_string"}}],"inLanguage":"es"},{"@type":"Organization","@id":"https:\/\/consutic.com\/#organization","name":"CONSUTIC","url":"https:\/\/consutic.com\/","logo":{"@type":"ImageObject","inLanguage":"es","@id":"https:\/\/consutic.com\/#\/schema\/logo\/image\/","url":"https:\/\/consutic.com\/wp-content\/uploads\/2024\/06\/logo-horizontal.png","contentUrl":"https:\/\/consutic.com\/wp-content\/uploads\/2024\/06\/logo-horizontal.png","width":1182,"height":289,"caption":"CONSUTIC"},"image":{"@id":"https:\/\/consutic.com\/#\/schema\/logo\/image\/"}}]}},"_links":{"self":[{"href":"https:\/\/consutic.com\/index.php?rest_route=\/wp\/v2\/pages\/2790","targetHints":{"allow":["GET"]}}],"collection":[{"href":"https:\/\/consutic.com\/index.php?rest_route=\/wp\/v2\/pages"}],"about":[{"href":"https:\/\/consutic.com\/index.php?rest_route=\/wp\/v2\/types\/page"}],"author":[{"embeddable":true,"href":"https:\/\/consutic.com\/index.php?rest_route=\/wp\/v2\/users\/2"}],"replies":[{"embeddable":true,"href":"https:\/\/consutic.com\/index.php?rest_route=%2Fwp%2Fv2%2Fcomments&post=2790"}],"version-history":[{"count":16,"href":"https:\/\/consutic.com\/index.php?rest_route=\/wp\/v2\/pages\/2790\/revisions"}],"predecessor-version":[{"id":2810,"href":"https:\/\/consutic.com\/index.php?rest_route=\/wp\/v2\/pages\/2790\/revisions\/2810"}],"up":[{"embeddable":true,"href":"https:\/\/consutic.com\/index.php?rest_route=\/wp\/v2\/pages\/2584"}],"wp:attachment":[{"href":"https:\/\/consutic.com\/index.php?rest_route=%2Fwp%2Fv2%2Fmedia&parent=2790"}],"curies":[{"name":"wp","href":"https:\/\/api.w.org\/{rel}","templated":true}]}}